{"id":260,"date":"2020-10-16T10:16:44","date_gmt":"2020-10-16T08:16:44","guid":{"rendered":"https:\/\/epsadoisneau.blog.ac-lyon.fr\/wordpress\/?page_id=260"},"modified":"2022-09-11T13:55:19","modified_gmt":"2022-09-11T11:55:19","slug":"eps-a-doisneau","status":"publish","type":"page","link":"https:\/\/epsadoisneau.blog.ac-lyon.fr\/wordpress\/","title":{"rendered":"Bienvenue sur le site epsadoisneau!"},"content":{"rendered":"\n<pre class=\"wp-block-preformatted\">Une tr\u00e8s belle Vid\u00e9o France TV qui pr\u00e9sente les JO de Paris 2024 <\/pre>\n\n\n<p><iframe loading=\"lazy\" sandbox=\"allow-same-origin allow-scripts allow-popups\" title=\"Les Jeux Olympiques et Paralympiques de Paris 2024\" src=\"https:\/\/tube.ac-lyon.fr\/videos\/embed\/6162f92e-1833-43bb-b2cd-e151d59ddffb\" allowfullscreen=\"\" width=\"560\" height=\"315\" frameborder=\"0\"><\/iframe><\/p>\n\n\n\n<hr class=\"wp-block-separator has-alpha-channel-opacity\"\/>\n\n\n\n<p>Sant\u00e9 Publique France lance une campagne pour faire bouger les ados, avec une vid\u00e9o sur le ton de l&rsquo;humour. Le but est d&rsquo;inciter les ados \u00e0 pratiquer des activit\u00e9s physiques et sportives, malgr\u00e9 les nombreux refus et l&rsquo;attrait des \u00e9crans.<\/p>\n\n\n<p><iframe loading=\"lazy\" sandbox=\"allow-same-origin allow-scripts allow-popups\" title=\"Faire bouger les ados c\u2019est pas \u00e9vident. Mais les encourager c\u2019est important [spot 45s].\" src=\"https:\/\/tube.ac-lyon.fr\/videos\/embed\/866d22cf-4716-4c04-af52-f66dabcc168d?title=0&amp;warningTitle=0&amp;peertubeLink=0\" allowfullscreen=\"\" width=\"560\" height=\"315\" frameborder=\"0\"><\/iframe><\/p>\n\n\n\n<hr class=\"wp-block-separator has-alpha-channel-opacity\"\/>\n\n\n\n<pre class=\"wp-block-preformatted\" style=\"font-size:12px\">En cliquant sur le lien ci dessous , vous pouvez t\u00e9l\u00e9charger en cas de besoin  le mod\u00e8le officiel de certificat m\u00e9dical \u00e0 faire remplir par votre m\u00e9decin si pb de sant\u00e9 <\/pre>\n\n\n<div class=\"wp-block-image\">\n<figure class=\"alignleft size-large is-resized\"><img decoding=\"async\" src=\"https:\/\/epsadoisneau.blog.ac-lyon.fr\/wordpress\/wp-content\/uploads\/2021\/08\/CM-1-1024x576.jpg\" alt=\"\" class=\"wp-image-680\" width=\"282\" height=\"158\" srcset=\"https:\/\/epsadoisneau.blog.ac-lyon.fr\/wordpress\/wp-content\/uploads\/2021\/08\/CM-1-1024x576.jpg 1024w, https:\/\/epsadoisneau.blog.ac-lyon.fr\/wordpress\/wp-content\/uploads\/2021\/08\/CM-1-300x169.jpg 300w, https:\/\/epsadoisneau.blog.ac-lyon.fr\/wordpress\/wp-content\/uploads\/2021\/08\/CM-1.jpg 1200w\" sizes=\"(max-width: 282px) 100vw, 282px\" \/><\/figure>\n<\/div>\n\n\n<p><a href=\"https:\/\/epsadoisneau.blog.ac-lyon.fr\/wordpress\/wp-content\/uploads\/2021\/08\/MODELE-CM-Acad.pdf\">https:\/\/epsadoisneau.blog.ac-lyon.fr\/wordpress\/wp-content\/uploads\/2021\/08\/MODELE-CM-Acad.pdf<\/a><\/p>\n\n\n\n<hr class=\"wp-block-separator has-alpha-channel-opacity\"\/>\n\n\n\n<p><\/p>\n\n\n\n<hr class=\"wp-block-separator has-alpha-channel-opacity is-style-wide\"\/>\n\n\n\n<p class=\"has-text-align-center has-text-color has-large-font-size\" style=\"color:#3c64af\">ENSEIGNEMENT DE SPECIALITE EPS <\/p>\n\n\n\n<hr class=\"wp-block-separator has-alpha-channel-opacity\"\/>\n\n\n\n<p>A la rentr\u00e9e 2022, un groupe d&rsquo;\u00e9l\u00e8ves de 1\u00e8re du lyc\u00e9e a choisi  \u00ab\u00a0EPPCS\u00a0\u00bb en sp\u00e9cialit\u00e9<\/p>\n\n\n\n<p>Visionnez la br\u00e8ve vid\u00e9o ci-dessous pour vous informer! <\/p>\n\n\n<p><iframe loading=\"lazy\" sandbox=\"allow-same-origin allow-scripts allow-popups\" title=\"EPPCS  ELEVES\" src=\"https:\/\/tube.ac-lyon.fr\/videos\/embed\/cca9e35c-4fc5-41d9-bffc-f8a5cc69aadb?title=0&amp;warningTitle=0\" allowfullscreen=\"\" width=\"560\" height=\"315\" frameborder=\"0\"><\/iframe><\/p>\n\n\n\n<hr class=\"wp-block-separator has-css-opacity is-style-wide\"\/>\n\n\n\n<figure class=\"wp-block-image size-large\"><img decoding=\"async\" width=\"1024\" height=\"288\" src=\"https:\/\/epsadoisneau.blog.ac-lyon.fr\/wordpress\/wp-content\/uploads\/2021\/01\/Blondin-1024x288.jpg\" alt=\"\" class=\"wp-image-426\" srcset=\"https:\/\/epsadoisneau.blog.ac-lyon.fr\/wordpress\/wp-content\/uploads\/2021\/01\/Blondin-1024x288.jpg 1024w, https:\/\/epsadoisneau.blog.ac-lyon.fr\/wordpress\/wp-content\/uploads\/2021\/01\/Blondin-300x84.jpg 300w, https:\/\/epsadoisneau.blog.ac-lyon.fr\/wordpress\/wp-content\/uploads\/2021\/01\/Blondin.jpg 1200w\" sizes=\"(max-width: 1024px) 100vw, 1024px\" \/><\/figure>\n\n\n\n<p>Le gymnase du lyc\u00e9e porte le nom d&rsquo;Antoine Blondin&#8230; le connaissez vous? <\/p>\n\n\n\n<hr class=\"wp-block-separator has-text-color has-medium-gray-color has-css-opacity has-medium-gray-background-color has-background is-style-wide\"\/>\n\n\n\n<figure class=\"wp-block-image size-large is-resized\"><img decoding=\"async\" src=\"https:\/\/epsadoisneau.blog.ac-lyon.fr\/wordpress\/wp-content\/uploads\/2021\/01\/gymnase.jpg\" alt=\"\" class=\"wp-image-402\" width=\"822\" height=\"262\" srcset=\"https:\/\/epsadoisneau.blog.ac-lyon.fr\/wordpress\/wp-content\/uploads\/2021\/01\/gymnase.jpg 709w, https:\/\/epsadoisneau.blog.ac-lyon.fr\/wordpress\/wp-content\/uploads\/2021\/01\/gymnase-300x96.jpg 300w\" sizes=\"(max-width: 822px) 100vw, 822px\" \/><\/figure>\n\n\n\n<p><\/p>\n\n\n\n<p class=\"has-medium-gray-color has-text-color has-large-font-size\">Vous trouvez sur ce blog, toutes les informations relatives \u00e0 l&rsquo;\u00e9valuation EPS au baccalaur\u00e9at \u00e0 Doisneau !  <\/p>\n","protected":false},"excerpt":{"rendered":"<p>Une tr\u00e8s belle Vid\u00e9o France TV qui pr\u00e9sente les JO de Paris 2024 Sant\u00e9 Publique France lance une campagne pour faire bouger les ados, avec une vid\u00e9o sur le ton de l&rsquo;humour. Le but est d&rsquo;inciter les ados \u00e0 pratiquer&#8230; <a class=\"more-link\" href=\"https:\/\/epsadoisneau.blog.ac-lyon.fr\/wordpress\/\">Lire la suite &rarr;<\/a><\/p>\n","protected":false},"author":6,"featured_media":0,"parent":0,"menu_order":0,"comment_status":"closed","ping_status":"closed","template":"","meta":{"ngg_post_thumbnail":0,"_EventAllDay":false,"_EventTimezone":"","_EventStartDate":"","_EventEndDate":"","_EventStartDateUTC":"","_EventEndDateUTC":"","_EventShowMap":false,"_EventShowMapLink":false,"_EventURL":"","_EventCost":"","_EventCostDescription":"","_EventCurrencySymbol":"","_EventCurrencyCode":"","_EventCurrencyPosition":"","_EventDateTimeSeparator":"","_EventTimeRangeSeparator":"","_EventOrganizerID":[],"_EventVenueID":0,"_OrganizerEmail":"","_OrganizerPhone":"","_OrganizerWebsite":"","_VenueAddress":"","_VenueCity":"","_VenueCountry":"","_VenueProvince":"","_VenueZip":"","_VenuePhone":"","_VenueURL":"","_VenueStateProvince":"","_VenueLat":"","_VenueLng":"","footnotes":""},"class_list":["post-260","page","type-page","status-publish","hentry"],"_links":{"self":[{"href":"https:\/\/epsadoisneau.blog.ac-lyon.fr\/wordpress\/wp-json\/wp\/v2\/pages\/260","targetHints":{"allow":["GET"]}}],"collection":[{"href":"https:\/\/epsadoisneau.blog.ac-lyon.fr\/wordpress\/wp-json\/wp\/v2\/pages"}],"about":[{"href":"https:\/\/epsadoisneau.blog.ac-lyon.fr\/wordpress\/wp-json\/wp\/v2\/types\/page"}],"author":[{"embeddable":true,"href":"https:\/\/epsadoisneau.blog.ac-lyon.fr\/wordpress\/wp-json\/wp\/v2\/users\/6"}],"replies":[{"embeddable":true,"href":"https:\/\/epsadoisneau.blog.ac-lyon.fr\/wordpress\/wp-json\/wp\/v2\/comments?post=260"}],"version-history":[{"count":42,"href":"https:\/\/epsadoisneau.blog.ac-lyon.fr\/wordpress\/wp-json\/wp\/v2\/pages\/260\/revisions"}],"predecessor-version":[{"id":914,"href":"https:\/\/epsadoisneau.blog.ac-lyon.fr\/wordpress\/wp-json\/wp\/v2\/pages\/260\/revisions\/914"}],"wp:attachment":[{"href":"https:\/\/epsadoisneau.blog.ac-lyon.fr\/wordpress\/wp-json\/wp\/v2\/media?parent=260"}],"curies":[{"name":"wp","href":"https:\/\/api.w.org\/{rel}","templated":true}]}}